{"id":37,"date":"2024-07-24T09:46:04","date_gmt":"2024-07-24T09:46:04","guid":{"rendered":"http:\/\/stafferty.ee\/?page_id=37"},"modified":"2025-01-21T11:24:08","modified_gmt":"2025-01-21T09:24:08","slug":"kupsiste-pohimotted","status":"publish","type":"page","link":"https:\/\/stafferty.ee\/en\/kupsiste-pohimotted\/","title":{"rendered":"K\u00fcpsiste p\u00f5him\u00f5tted"},"content":{"rendered":"<p><div class=\"fusion-fullwidth fullwidth-box fusion-builder-row-1 fusion-flex-container has-pattern-background has-mask-background hundred-percent-fullwidth non-hundred-percent-height-scrolling\" style=\"--awb-border-radius-top-left:0px;--awb-border-radius-top-right:0px;--awb-border-radius-bottom-right:0px;--awb-border-radius-bottom-left:0px;--awb-padding-top:;--awb-padding-right:0px;--awb-padding-bottom:0px;--awb-padding-left:0px;--awb-margin-top:0px;--awb-margin-bottom:0px;--awb-background-color:#2c3d4f;--awb-background-size:cover;--awb-flex-wrap:wrap;\" ><div class=\"awb-background-mask\" style=\"background-image:  url();opacity: 0.3 ;transform: scale(1, 1);mix-blend-mode:overlay;\"><\/div><div class=\"fusion-builder-row fusion-row fusion-flex-align-items-flex-start fusion-flex-content-wrap\" style=\"width:104% !important;max-width:104% !important;margin-left: calc(-4% \/ 2 );margin-right: calc(-4% \/ 2 );\"><div class=\"fusion-layout-column fusion_builder_column fusion-builder-column-0 fusion_builder_column_1_1 1_1 fusion-flex-column\" style=\"--awb-bg-size:cover;--awb-width-large:100%;--awb-margin-top-large:0px;--awb-spacing-right-large:1.92%;--awb-margin-bottom-large:20px;--awb-spacing-left-large:1.92%;--awb-width-medium:100%;--awb-order-medium:0;--awb-spacing-right-medium:1.92%;--awb-spacing-left-medium:1.92%;--awb-width-small:100%;--awb-order-small:0;--awb-spacing-right-small:1.92%;--awb-spacing-left-small:1.92%;\" data-scroll-devices=\"small-visibility,medium-visibility,large-visibility\"><div class=\"fusion-column-wrapper fusion-column-has-shadow fusion-flex-justify-content-flex-start fusion-content-layout-column\"><div class=\"fusion-title title fusion-title-1 fusion-sep-none fusion-title-text fusion-title-size-one\" style=\"--awb-text-color:var(--awb-color4);--awb-margin-top:40px;--awb-margin-right:40px;--awb-margin-bottom:40px;--awb-margin-left:40px;--awb-margin-top-small:20px;--awb-margin-right-small:20px;--awb-margin-bottom-small:20px;--awb-margin-left-small:20px;\"><h1 class=\"fusion-title-heading title-heading-left md-text-align-center sm-text-align-center\" style=\"margin:0;\"><div style=\"text-align: left;\">K\u00fcpsiste p\u00f5him\u00f5tted<\/div><\/h1><\/div><\/div><\/div><\/div><\/div><div class=\"fusion-fullwidth fullwidth-box fusion-builder-row-2 fusion-flex-container has-pattern-background has-mask-background nonhundred-percent-fullwidth non-hundred-percent-height-scrolling\" style=\"--awb-border-radius-top-left:0px;--awb-border-radius-top-right:0px;--awb-border-radius-bottom-right:0px;--awb-border-radius-bottom-left:0px;--awb-padding-top:2%;--awb-padding-right:5%;--awb-padding-left:5%;--awb-padding-top-small:30.2344px;--awb-flex-wrap:wrap;\" ><div class=\"fusion-builder-row fusion-row fusion-flex-align-items-flex-start fusion-flex-content-wrap\" style=\"max-width:1996.8px;margin-left: calc(-4% \/ 2 );margin-right: calc(-4% \/ 2 );\"><div class=\"fusion-layout-column fusion_builder_column fusion-builder-column-1 fusion_builder_column_1_1 1_1 fusion-flex-column\" style=\"--awb-bg-size:cover;--awb-width-large:100%;--awb-margin-top-large:0px;--awb-spacing-right-large:1.92%;--awb-margin-bottom-large:20px;--awb-spacing-left-large:1.92%;--awb-width-medium:100%;--awb-order-medium:0;--awb-spacing-right-medium:1.92%;--awb-spacing-left-medium:1.92%;--awb-width-small:100%;--awb-order-small:0;--awb-spacing-right-small:1.92%;--awb-spacing-left-small:1.92%;\"><div class=\"fusion-column-wrapper fusion-column-has-shadow fusion-flex-justify-content-flex-start fusion-content-layout-column\"><div class=\"fusion-text fusion-text-1\"><p><em>1.1 versija, data 2022-08-04<\/em><\/p>\n<p>Need K\u00fcpsiste P\u00f5him\u00f5tted (edaspidi \u201eP\u00f5him\u00f5tted\u201c) s\u00e4testavad n\u00f5uded ja tingimused kasutajak\u00fcpsiste kasutamiseks O\u00dc STFF Stafferty aktsiaseltsi poolt (edaspidi O\u00dc STFF Stafferty, meie) kasutaja k\u00fclastuse ajal ja\u202f<a href=\"https:\/\/stafferty.ee\/en\/\">www.stafferty.ee<\/a>\u202fveebilehe kasutamisel (edaspidi \u201eVeebileht\u201c).<\/p>\n<\/div><div class=\"fusion-title title fusion-title-2 fusion-sep-none fusion-title-text fusion-title-size-two\" style=\"--awb-text-color:var(--awb-color4);\"><h2 class=\"fusion-title-heading title-heading-left\" style=\"margin:0;\">Mis on k\u00fcpsised?<\/h2><\/div><div class=\"fusion-text fusion-text-2\"><p><span data-contrast=\"auto\">K\u00fcpsised on v\u00e4iksed failid, mis laetakse sellesse seadmesse, mille kaudu kasutaja logib oma k\u00fclastuse ajaks Veebilehele sisse (kaasa arvatud, kuid mitte piiratud mobiiltelefonid, arvutid, tahvelarvutid ja muud seadmed). Tavaliselt saadetakse teie seadmesse salvestatud k\u00fcpsised Veebilehele, kui te k\u00fclastate seda uuesti v\u00f5i muule veebilehele, mis neid tunnustab.<\/span><span data-ccp-props=\"\">\u00a0<\/span><\/p>\n<p><span data-contrast=\"auto\">K\u00fcpsised v\u00f5imaldavad meil teid tuvastada, saada teavet teie tegevuste ning eelistuste kohta meie veebilehel, aitavad meil muuta teie poolse Veebilehe k\u00fclastuse palju mugavamaks.<\/span><span data-ccp-props=\"\">\u00a0<\/span><\/p>\n<\/div><div class=\"fusion-title title fusion-title-3 fusion-sep-none fusion-title-text fusion-title-size-two\" style=\"--awb-text-color:var(--awb-color4);\"><h2 class=\"fusion-title-heading title-heading-left\" style=\"margin:0;\">Kuidas k\u00fcpsiseid hallata?<\/h2><\/div><div class=\"fusion-text fusion-text-3\"><p>K\u00fcpsiseid saate hallata mitmel viisil. Palun arvestage sellega, et kui te kustutate v\u00f5i keelate k\u00fcpsised, siis ei pruugi te saada ligip\u00e4\u00e4su Veebilehe funktsioonidele v\u00f5i ei kuvata k\u00f5iki Veebilehele lehek\u00fclgi korrektselt.<\/p>\n<p>Enamus veebilehitsejaid lubavad k\u00fcpsiseid vaikimisi, kuid teil on v\u00f5imalik veebilehe kontrolls\u00fcsteemi kaudu, mille leiate sageli veebilehitseja men\u00fc\u00fcst \u201eT\u00f6\u00f6riistad\u201c v\u00f5i \u201eS\u00e4tted\u201c valida, kas k\u00fcpsiste kasutamine on otstarbekas.<\/p>\n<\/div><div class=\"fusion-title title fusion-title-4 fusion-sep-none fusion-title-text fusion-title-size-two\" style=\"--awb-text-color:var(--awb-color4);\"><h2 class=\"fusion-title-heading title-heading-left\" style=\"margin:0;\">Milliseid k\u00fcpsiseid me kasutame?<\/h2><\/div><div class=\"fusion-text fusion-text-4\"><p>J\u00e4rgmine tabel n\u00e4itab, milliseid k\u00fcpsiseid kasutame:<\/p>\n<table style=\"font-weight: 400;\" data-tablestyle=\"MsoTableGrid\" data-tablelook=\"1184\" aria-rowcount=\"3\">\n<tbody>\n<tr aria-rowindex=\"1\">\n<td data-celllook=\"0\">\n<p style=\"text-align: center;\"><strong>Omanik\u00a0<\/strong><\/p>\n<\/td>\n<td style=\"text-align: center;\" data-celllook=\"0\"><strong>K\u00fcpsise nimi\u00a0<\/strong><\/td>\n<td style=\"text-align: center;\" data-celllook=\"0\"><strong>Allikas\u00a0<\/strong><\/td>\n<td style=\"text-align: center;\" data-celllook=\"0\"><strong>T\u00f6\u00f6tlemisotstarbe kirjeldus\u00a0<\/strong><\/td>\n<td data-celllook=\"0\">\n<p style=\"text-align: center;\"><strong>Kehtivusaeg<\/strong><span data-ccp-props=\"\">\u00a0<\/span><\/p>\n<\/td>\n<\/tr>\n<tr aria-rowindex=\"2\">\n<td colspan=\"5\" data-celllook=\"0\">\n<p style=\"text-align: center;\"><strong>Anal\u00fc\u00fctilised k\u00fcpsised\u00a0<\/strong><\/p>\n<\/td>\n<\/tr>\n<tr aria-rowindex=\"3\">\n<td data-celllook=\"0\"><span data-contrast=\"auto\">.stafferty.ee<\/span><span data-ccp-props=\"\">\u00a0<\/span><\/td>\n<td data-celllook=\"0\"><span data-contrast=\"auto\">_ga<\/span><span data-ccp-props=\"\">\u00a0<\/span><\/td>\n<td data-celllook=\"0\"><span data-contrast=\"auto\">Google Analytics<\/span><span data-ccp-props=\"\">\u00a0<\/span><\/td>\n<td data-celllook=\"0\"><span data-contrast=\"auto\">Seda kasutatakse unikaalsete kasutajate tuvastamiseks juhuslikult genereeritud numbriga sidumise teel kliendi ID-na. See on igasse lehek\u00fclje p\u00e4ringusse Veebilehel ja kasutatakse kasutaja, sessiooni ja kampaania andmete arvutamiseks Veebilehe anal\u00fc\u00fctiliste aruannete jaoks.<\/span><span data-ccp-props=\"\">\u00a0<\/span><\/td>\n<td data-celllook=\"0\"><span data-contrast=\"auto\">2 aastat<\/span><span data-ccp-props=\"\">\u00a0<\/span><\/td>\n<\/tr>\n<\/tbody>\n<\/table>\n<\/div><div class=\"fusion-title title fusion-title-5 fusion-sep-none fusion-title-text fusion-title-size-two\" style=\"--awb-text-color:var(--awb-color4);\"><h2 class=\"fusion-title-heading title-heading-left\" style=\"margin:0;\"><span class=\"TextRun SCXW4500053 BCX8\" lang=\"LT-LT\" xml:lang=\"LT-LT\" data-contrast=\"auto\"><span class=\"NormalTextRun SpellingErrorV2Themed SCXW4500053 BCX8\">Muudatused<\/span> <span class=\"NormalTextRun SpellingErrorV2Themed SCXW4500053 BCX8\">nendes<\/span> <span class=\"NormalTextRun SpellingErrorV2Themed SCXW4500053 BCX8\">p\u00f5him\u00f5tetes<\/span><\/span><span class=\"EOP SCXW4500053 BCX8\" data-ccp-props=\"\">\u00a0<\/span><\/h2><\/div><div class=\"fusion-text fusion-text-5\"><p>Neid p\u00f5him\u00f5tteid v\u00f5idakse aegajalt t\u00e4iendada, et kajastada v\u00f5imalikke muudatusi meie k\u00fcpsiste kasutamise tavades. K\u00f5ik sellised muudatused postitatakse sellele lehek\u00fcljele.<\/p>\n<p>P\u00f5him\u00f5tete alguses on toodud k\u00f5ige viimase muudatuse kuup\u00e4ev ja praeguse versiooni number.<\/p>\n<div class=\"b-tableResponsive\"><\/div>\n<\/div><div class=\"fusion-title title fusion-title-6 fusion-sep-none fusion-title-text fusion-title-size-two\" style=\"--awb-text-color:var(--awb-color4);\"><h2 class=\"fusion-title-heading title-heading-left\" style=\"margin:0;\">Kontaktid<\/h2><\/div><div class=\"fusion-text fusion-text-6\"><p>O\u00dc STFF Stafferty<\/p>\n<p>registreeritud Eesti \u00c4riregistris, registreerimisnumbriga 10837414, juriidilise aadressiga S\u00f5pruse pst. 145, Tallinn 14317<\/p>\n<p>E-post:\u202f<a href=\"mailto:privacy@stafferty.ee\">privacy@stafferty.ee<\/a><\/p>\n<\/div><\/div><\/div><\/div><\/div><\/p>","protected":false},"excerpt":{"rendered":"","protected":false},"author":1,"featured_media":0,"parent":0,"menu_order":0,"comment_status":"closed","ping_status":"closed","template":"100-width.php","meta":{"footnotes":""},"class_list":["post-37","page","type-page","status-publish","hentry"],"_links":{"self":[{"href":"https:\/\/stafferty.ee\/en\/wp-json\/wp\/v2\/pages\/37","targetHints":{"allow":["GET"]}}],"collection":[{"href":"https:\/\/stafferty.ee\/en\/wp-json\/wp\/v2\/pages"}],"about":[{"href":"https:\/\/stafferty.ee\/en\/wp-json\/wp\/v2\/types\/page"}],"author":[{"embeddable":true,"href":"https:\/\/stafferty.ee\/en\/wp-json\/wp\/v2\/users\/1"}],"replies":[{"embeddable":true,"href":"https:\/\/stafferty.ee\/en\/wp-json\/wp\/v2\/comments?post=37"}],"version-history":[{"count":60,"href":"https:\/\/stafferty.ee\/en\/wp-json\/wp\/v2\/pages\/37\/revisions"}],"predecessor-version":[{"id":1640,"href":"https:\/\/stafferty.ee\/en\/wp-json\/wp\/v2\/pages\/37\/revisions\/1640"}],"wp:attachment":[{"href":"https:\/\/stafferty.ee\/en\/wp-json\/wp\/v2\/media?parent=37"}],"curies":[{"name":"wp","href":"https:\/\/api.w.org\/{rel}","templated":true}]}}